{"id":11,"date":"2018-10-09T09:19:06","date_gmt":"2018-10-09T09:19:06","guid":{"rendered":"https:\/\/swingtogether.fr\/contact\/"},"modified":"2024-01-22T13:52:50","modified_gmt":"2024-01-22T12:52:50","slug":"contact","status":"publish","type":"page","link":"https:\/\/swingtogether.fr\/en\/contact\/","title":{"rendered":"Contact"},"content":{"rendered":"<div data-elementor-type=\"wp-post\" data-elementor-id=\"11\" class=\"elementor elementor-11\">\n\t\t\t\t\t\t<section class=\"elementor-section elementor-top-section elementor-element elementor-element-16b4c9a9 elementor-section-boxed elementor-section-height-default elementor-section-height-default\" data-id=\"16b4c9a9\" data-element_type=\"section\" data-e-type=\"section\" data-settings=\"{&quot;background_background&quot;:&quot;classic&quot;}\">\n\t\t\t\t\t\t<div class=\"elementor-container elementor-column-gap-no\">\n\t\t\t\t\t<div class=\"elementor-column elementor-col-100 elementor-top-column elementor-element elementor-element-4a282070\" data-id=\"4a282070\" data-element_type=\"column\" data-e-type=\"column\">\n\t\t\t<div class=\"elementor-widget-wrap elementor-element-populated\">\n\t\t\t\t\t\t<div class=\"elementor-element elementor-element-4b8bf908 elementor-widget elementor-widget-heading\" data-id=\"4b8bf908\" data-element_type=\"widget\" data-e-type=\"widget\" data-widget_type=\"heading.default\">\n\t\t\t\t<div class=\"elementor-widget-container\">\n\t\t\t\t\t<h5 class=\"elementor-heading-title elementor-size-default\">Un message ?<\/h5>\t\t\t\t<\/div>\n\t\t\t\t<\/div>\n\t\t\t\t<div class=\"elementor-element elementor-element-18ac4bb9 elementor-widget elementor-widget-heading\" data-id=\"18ac4bb9\" data-element_type=\"widget\" data-e-type=\"widget\" data-widget_type=\"heading.default\">\n\t\t\t\t<div class=\"elementor-widget-container\">\n\t\t\t\t\t<h1 class=\"elementor-heading-title elementor-size-default\">Contact Us<\/h1>\t\t\t\t<\/div>\n\t\t\t\t<\/div>\n\t\t\t\t\t<\/div>\n\t\t<\/div>\n\t\t\t\t\t<\/div>\n\t\t<\/section>\n\t\t\t\t<section class=\"elementor-section elementor-top-section elementor-element elementor-element-78552f7f elementor-section-boxed elementor-section-height-default elementor-section-height-default\" data-id=\"78552f7f\" data-element_type=\"section\" data-e-type=\"section\" data-settings=\"{&quot;background_background&quot;:&quot;classic&quot;}\">\n\t\t\t\t\t\t<div class=\"elementor-container elementor-column-gap-no\">\n\t\t\t\t\t<div class=\"elementor-column elementor-col-100 elementor-top-column elementor-element elementor-element-6245f719\" data-id=\"6245f719\" data-element_type=\"column\" data-e-type=\"column\">\n\t\t\t<div class=\"elementor-widget-wrap elementor-element-populated\">\n\t\t\t\t\t\t<div class=\"elementor-element elementor-element-dd2c292 elementor-widget-tablet__width-inherit elementor-widget elementor-widget-text-editor\" data-id=\"dd2c292\" data-element_type=\"widget\" data-e-type=\"widget\" data-widget_type=\"text-editor.default\">\n\t\t\t\t<div class=\"elementor-widget-container\">\n\t\t\t\t\t\t\t\t\t<p>Envoyez nous votre demande via le formulaire ci-dessous et nous reviendrons vers vous en moins de 48h. Si vous souhaitez une r\u00e9ponse plus rapide n&rsquo;h\u00e9sitez pas \u00e0 passer par nos r\u00e9seaux sociaux (liens plus bas).<\/p>\t\t\t\t\t\t\t\t<\/div>\n\t\t\t\t<\/div>\n\t\t\t\t<div class=\"elementor-element elementor-element-c5da644 elementor-widget elementor-widget-wpforms\" data-id=\"c5da644\" data-element_type=\"widget\" data-e-type=\"widget\" data-widget_type=\"wpforms.default\">\n\t\t\t\t<div class=\"elementor-widget-container\">\n\t\t\t\t\t<div class=\"wpforms-container\" id=\"wpforms-204\"><form id=\"wpforms-form-204\" class=\"wpforms-validate wpforms-form\" data-formid=\"204\" method=\"post\" enctype=\"multipart\/form-data\" action=\"\/en\/wp-json\/wp\/v2\/pages\/11\" data-token=\"e902da42b1e1e90acd0dc3365791b1f8\" data-token-time=\"1775457427\" data-trp-original-action=\"\/en\/wp-json\/wp\/v2\/pages\/11\"><noscript class=\"wpforms-error-noscript\">Please enable JavaScript in your browser to complete this form.<\/noscript><div class=\"wpforms-field-container\"><div id=\"wpforms-204-field_0-container\" class=\"wpforms-field wpforms-field-name\" data-field-id=\"0\"><label class=\"wpforms-field-label\" for=\"wpforms-204-field_0\">Votre nom et pr\u00e9nom <span class=\"wpforms-required-label\">*<\/span><\/label><input type=\"text\" id=\"wpforms-204-field_0\" class=\"wpforms-field-large wpforms-field-required\" name=\"wpforms[fields][0]\" required><\/div><div id=\"wpforms-204-field_1-container\" class=\"wpforms-field wpforms-field-email\" data-field-id=\"1\"><label class=\"wpforms-field-label\" for=\"wpforms-204-field_1\">Votre email <span class=\"wpforms-required-label\">*<\/span><\/label><input type=\"email\" id=\"wpforms-204-field_1\" class=\"wpforms-field-large wpforms-field-required\" name=\"wpforms[fields][1]\" spellcheck=\"false\" required><\/div><div id=\"wpforms-204-field_3-container\" class=\"wpforms-field wpforms-field-text\" data-field-id=\"3\"><label class=\"wpforms-field-label\" for=\"wpforms-204-field_3\">Sujet du message <span class=\"wpforms-required-label\">*<\/span><\/label><input type=\"text\" id=\"wpforms-204-field_3\" class=\"wpforms-field-large wpforms-field-required\" name=\"wpforms[fields][3]\" required><\/div><div id=\"wpforms-204-field_2-container\" class=\"wpforms-field wpforms-field-textarea\" data-field-id=\"2\"><label class=\"wpforms-field-label\" for=\"wpforms-204-field_2\">Votre message<\/label><textarea id=\"wpforms-204-field_2\" class=\"wpforms-field-medium\" name=\"wpforms[fields][2]\" ><\/textarea><\/div><\/div><!-- .wpforms-field-container --><div class=\"wpforms-field wpforms-field-hp\"><label for=\"wpforms-204-field-hp\" class=\"wpforms-field-label\">Name<\/label><input type=\"text\" name=\"wpforms[hp]\" id=\"wpforms-204-field-hp\" class=\"wpforms-field-medium\"><\/div><div class=\"wpforms-recaptcha-container wpforms-is-recaptcha wpforms-is-recaptcha-type-v2\" ><div class=\"g-recaptcha\" data-sitekey=\"6Lf5IbIpAAAAADwbdscWL8egxFp9jq3L_3sZ2qgm\"><\/div><input type=\"text\" name=\"g-recaptcha-hidden\" class=\"wpforms-recaptcha-hidden\" style=\"position:absolute!important;clip:rect(0,0,0,0)!important;height:1px!important;width:1px!important;border:0!important;overflow:hidden!important;padding:0!important;margin:0!important;\" data-rule-recaptcha=\"1\"><\/div><div class=\"wpforms-submit-container\" ><input type=\"hidden\" name=\"wpforms[id]\" value=\"204\"><input type=\"hidden\" name=\"page_title\" value=\"\"><input type=\"hidden\" name=\"page_url\" value=\"https:\/\/swingtogether.fr\/en\/wp-json\/wp\/v2\/pages\/11\"><input type=\"hidden\" name=\"url_referer\" value=\"\"><button type=\"submit\" name=\"wpforms[submit]\" id=\"wpforms-submit-204\" class=\"wpforms-submit\" data-alt-text=\"Envoi en cours...\" data-submit-text=\"Envoyez votre message\" aria-live=\"assertive\" value=\"wpforms-submit\">Envoyez votre message<\/button><\/div><input type=\"hidden\" name=\"trp-form-language\" value=\"en\"\/><\/form><\/div>  <!-- .wpforms-container -->\t\t\t\t<\/div>\n\t\t\t\t<\/div>\n\t\t\t\t<div class=\"elementor-element elementor-element-cc32561 elementor-widget-divider--view-line elementor-widget elementor-widget-divider\" data-id=\"cc32561\" data-element_type=\"widget\" data-e-type=\"widget\" data-widget_type=\"divider.default\">\n\t\t\t\t<div class=\"elementor-widget-container\">\n\t\t\t\t\t\t\t<div class=\"elementor-divider\">\n\t\t\t<span class=\"elementor-divider-separator\">\n\t\t\t\t\t\t<\/span>\n\t\t<\/div>\n\t\t\t\t\t\t<\/div>\n\t\t\t\t<\/div>\n\t\t\t\t<div class=\"elementor-element elementor-element-53845279 elementor-widget elementor-widget-heading\" data-id=\"53845279\" data-element_type=\"widget\" data-e-type=\"widget\" data-widget_type=\"heading.default\">\n\t\t\t\t<div class=\"elementor-widget-container\">\n\t\t\t\t\t<h3 class=\"elementor-heading-title elementor-size-default\">Contactez-nous sur nos r\u00e9seaux sociaux<\/h3>\t\t\t\t<\/div>\n\t\t\t\t<\/div>\n\t\t\t\t<div class=\"elementor-element elementor-element-6c4e9d5 elementor-widget elementor-widget-text-editor\" data-id=\"6c4e9d5\" data-element_type=\"widget\" data-e-type=\"widget\" data-widget_type=\"text-editor.default\">\n\t\t\t\t<div class=\"elementor-widget-container\">\n\t\t\t\t\t\t\t\t\t<p>Nous pouvons vous r\u00e9pondre tr\u00e8s rapidement si vous nous contactez via notre page Instagram ou Facebook, alors n&rsquo;h\u00e9sitez pas \u00e0 nous envoyer vos questions ou vos demandes d&rsquo;informations via la messagerie instantan\u00e9e de votre r\u00e9seau social pr\u00e9f\u00e9r\u00e9.<\/p>\t\t\t\t\t\t\t\t<\/div>\n\t\t\t\t<\/div>\n\t\t\t\t<div class=\"elementor-element elementor-element-6a41dec6 elementor-shape-circle elementor-grid-0 elementor-widget elementor-widget-social-icons\" data-id=\"6a41dec6\" data-element_type=\"widget\" data-e-type=\"widget\" data-widget_type=\"social-icons.default\">\n\t\t\t\t<div class=\"elementor-widget-container\">\n\t\t\t\t\t\t\t<div class=\"elementor-social-icons-wrapper elementor-grid\" role=\"list\">\n\t\t\t\t\t\t\t<span class=\"elementor-grid-item\" role=\"listitem\">\n\t\t\t\t\t<a class=\"elementor-icon elementor-social-icon elementor-social-icon-facebook-f elementor-repeater-item-5df027d\" href=\"https:\/\/www.facebook.com\/swingtogether\" target=\"_blank\">\n\t\t\t\t\t\t<span class=\"elementor-screen-only\">Facebook-f<\/span>\n\t\t\t\t\t\t<i aria-hidden=\"true\" class=\"fab fa-facebook-f\"><\/i>\t\t\t\t\t<\/a>\n\t\t\t\t<\/span>\n\t\t\t\t\t\t\t<span class=\"elementor-grid-item\" role=\"listitem\">\n\t\t\t\t\t<a class=\"elementor-icon elementor-social-icon elementor-social-icon-instagram elementor-repeater-item-8f18ebc\" href=\"https:\/\/www.instagram.com\/swingtogetherasso\/\" target=\"_blank\">\n\t\t\t\t\t\t<span class=\"elementor-screen-only\">Instagram<\/span>\n\t\t\t\t\t\t<i aria-hidden=\"true\" class=\"fab fa-instagram\"><\/i>\t\t\t\t\t<\/a>\n\t\t\t\t<\/span>\n\t\t\t\t\t<\/div>\n\t\t\t\t\t\t<\/div>\n\t\t\t\t<\/div>\n\t\t\t\t<div class=\"elementor-element elementor-element-3d92d530 elementor-widget-divider--view-line elementor-widget elementor-widget-divider\" data-id=\"3d92d530\" data-element_type=\"widget\" data-e-type=\"widget\" data-widget_type=\"divider.default\">\n\t\t\t\t<div class=\"elementor-widget-container\">\n\t\t\t\t\t\t\t<div class=\"elementor-divider\">\n\t\t\t<span class=\"elementor-divider-separator\">\n\t\t\t\t\t\t<\/span>\n\t\t<\/div>\n\t\t\t\t\t\t<\/div>\n\t\t\t\t<\/div>\n\t\t\t\t\t<\/div>\n\t\t<\/div>\n\t\t\t\t\t<\/div>\n\t\t<\/section>\n\t\t\t\t<\/div>","protected":false},"excerpt":{"rendered":"<p>Un message ? Contactez-nous Envoyez nous votre demande via le formulaire ci-dessous et nous reviendrons vers vous en moins de 48h. Si vous souhaitez une r\u00e9ponse plus rapide n&rsquo;h\u00e9sitez pas [&hellip;]<\/p>","protected":false},"author":1,"featured_media":0,"parent":0,"menu_order":0,"comment_status":"closed","ping_status":"closed","template":"","meta":{"_uag_custom_page_level_css":"","ocean_post_layout":"","ocean_both_sidebars_style":"","ocean_both_sidebars_content_width":0,"ocean_both_sidebars_sidebars_width":0,"ocean_sidebar":"","ocean_second_sidebar":"","ocean_disable_margins":"enable","ocean_add_body_class":"","ocean_shortcode_before_top_bar":"","ocean_shortcode_after_top_bar":"","ocean_shortcode_before_header":"","ocean_shortcode_after_header":"","ocean_has_shortcode":"","ocean_shortcode_after_title":"","ocean_shortcode_before_footer_widgets":"","ocean_shortcode_after_footer_widgets":"","ocean_shortcode_before_footer_bottom":"","ocean_shortcode_after_footer_bottom":"","ocean_display_top_bar":"default","ocean_display_header":"default","ocean_header_style":"","ocean_center_header_left_menu":"","ocean_custom_header_template":"","ocean_custom_logo":0,"ocean_custom_retina_logo":0,"ocean_custom_logo_max_width":0,"ocean_custom_logo_tablet_max_width":0,"ocean_custom_logo_mobile_max_width":0,"ocean_custom_logo_max_height":0,"ocean_custom_logo_tablet_max_height":0,"ocean_custom_logo_mobile_max_height":0,"ocean_header_custom_menu":"","ocean_menu_typo_font_family":"","ocean_menu_typo_font_subset":"","ocean_menu_typo_font_size":0,"ocean_menu_typo_font_size_tablet":0,"ocean_menu_typo_font_size_mobile":0,"ocean_menu_typo_font_size_unit":"px","ocean_menu_typo_font_weight":"","ocean_menu_typo_font_weight_tablet":"","ocean_menu_typo_font_weight_mobile":"","ocean_menu_typo_transform":"","ocean_menu_typo_transform_tablet":"","ocean_menu_typo_transform_mobile":"","ocean_menu_typo_line_height":0,"ocean_menu_typo_line_height_tablet":0,"ocean_menu_typo_line_height_mobile":0,"ocean_menu_typo_line_height_unit":"","ocean_menu_typo_spacing":0,"ocean_menu_typo_spacing_tablet":0,"ocean_menu_typo_spacing_mobile":0,"ocean_menu_typo_spacing_unit":"","ocean_menu_link_color":"","ocean_menu_link_color_hover":"","ocean_menu_link_color_active":"","ocean_menu_link_background":"","ocean_menu_link_hover_background":"","ocean_menu_link_active_background":"","ocean_menu_social_links_bg":"","ocean_menu_social_hover_links_bg":"","ocean_menu_social_links_color":"","ocean_menu_social_hover_links_color":"","ocean_disable_title":"default","ocean_disable_heading":"default","ocean_post_title":"","ocean_post_subheading":"","ocean_post_title_style":"","ocean_post_title_background_color":"","ocean_post_title_background":0,"ocean_post_title_bg_image_position":"","ocean_post_title_bg_image_attachment":"","ocean_post_title_bg_image_repeat":"","ocean_post_title_bg_image_size":"","ocean_post_title_height":0,"ocean_post_title_bg_overlay":0.5,"ocean_post_title_bg_overlay_color":"","ocean_disable_breadcrumbs":"default","ocean_breadcrumbs_color":"","ocean_breadcrumbs_separator_color":"","ocean_breadcrumbs_links_color":"","ocean_breadcrumbs_links_hover_color":"","ocean_display_footer_widgets":"default","ocean_display_footer_bottom":"default","ocean_custom_footer_template":"","footnotes":""},"class_list":["post-11","page","type-page","status-publish","hentry","entry"],"yoast_head":"<!-- This site is optimized with the Yoast SEO plugin v26.9 - https:\/\/yoast.com\/product\/yoast-seo-wordpress\/ -->\n<title>Contact - Swing Together<\/title>\n<meta name=\"robots\" content=\"index, follow, max-snippet:-1, max-image-preview:large, max-video-preview:-1\" \/>\n<link rel=\"canonical\" href=\"https:\/\/swingtogether.fr\/en\/contact\/\" \/>\n<meta property=\"og:locale\" content=\"en_US\" \/>\n<meta property=\"og:type\" content=\"article\" \/>\n<meta property=\"og:title\" content=\"Contact - Swing Together\" \/>\n<meta property=\"og:description\" content=\"Un message ? Contactez-nous Envoyez nous votre demande via le formulaire ci-dessous et nous reviendrons vers vous en moins de 48h. Si vous souhaitez une r\u00e9ponse plus rapide n&rsquo;h\u00e9sitez pas [&hellip;]\" \/>\n<meta property=\"og:url\" content=\"https:\/\/swingtogether.fr\/en\/contact\/\" \/>\n<meta property=\"og:site_name\" content=\"Swing Together\" \/>\n<meta property=\"article:publisher\" content=\"https:\/\/www.facebook.com\/swingtogether\" \/>\n<meta property=\"article:modified_time\" content=\"2024-01-22T12:52:50+00:00\" \/>\n<meta name=\"twitter:card\" content=\"summary_large_image\" \/>\n<meta name=\"twitter:label1\" content=\"Est. reading time\" \/>\n\t<meta name=\"twitter:data1\" content=\"1 minute\" \/>\n<script type=\"application\/ld+json\" class=\"yoast-schema-graph\">{\"@context\":\"https:\/\/schema.org\",\"@graph\":[{\"@type\":\"WebPage\",\"@id\":\"https:\/\/swingtogether.fr\/en\/contact\/\",\"url\":\"https:\/\/swingtogether.fr\/en\/contact\/\",\"name\":\"Contact - Swing Together\",\"isPartOf\":{\"@id\":\"https:\/\/swingtogether.fr\/en\/#website\"},\"datePublished\":\"2018-10-09T09:19:06+00:00\",\"dateModified\":\"2024-01-22T12:52:50+00:00\",\"breadcrumb\":{\"@id\":\"https:\/\/swingtogether.fr\/en\/contact\/#breadcrumb\"},\"inLanguage\":\"en-US\",\"potentialAction\":[{\"@type\":\"ReadAction\",\"target\":[\"https:\/\/swingtogether.fr\/en\/contact\/\"]}]},{\"@type\":\"BreadcrumbList\",\"@id\":\"https:\/\/swingtogether.fr\/en\/contact\/#breadcrumb\",\"itemListElement\":[{\"@type\":\"ListItem\",\"position\":1,\"name\":\"Accueil\",\"item\":\"https:\/\/swingtogether.fr\/en\/\"},{\"@type\":\"ListItem\",\"position\":2,\"name\":\"Contact\"}]},{\"@type\":\"WebSite\",\"@id\":\"https:\/\/swingtogether.fr\/en\/#website\",\"url\":\"https:\/\/swingtogether.fr\/en\/\",\"name\":\"Swing Together\",\"description\":\"L&#039;association de West Coast Swing strasbourgeoise\",\"publisher\":{\"@id\":\"https:\/\/swingtogether.fr\/en\/#organization\"},\"potentialAction\":[{\"@type\":\"SearchAction\",\"target\":{\"@type\":\"EntryPoint\",\"urlTemplate\":\"https:\/\/swingtogether.fr\/en\/?s={search_term_string}\"},\"query-input\":{\"@type\":\"PropertyValueSpecification\",\"valueRequired\":true,\"valueName\":\"search_term_string\"}}],\"inLanguage\":\"en-US\"},{\"@type\":\"Organization\",\"@id\":\"https:\/\/swingtogether.fr\/en\/#organization\",\"name\":\"Swing Together\",\"url\":\"https:\/\/swingtogether.fr\/en\/\",\"logo\":{\"@type\":\"ImageObject\",\"inLanguage\":\"en-US\",\"@id\":\"https:\/\/swingtogether.fr\/en\/#\/schema\/logo\/image\/\",\"url\":\"https:\/\/swingtogether.fr\/wp-content\/uploads\/2022\/08\/Swing-Together-logo.png\",\"contentUrl\":\"https:\/\/swingtogether.fr\/wp-content\/uploads\/2022\/08\/Swing-Together-logo.png\",\"width\":180,\"height\":180,\"caption\":\"Swing Together\"},\"image\":{\"@id\":\"https:\/\/swingtogether.fr\/en\/#\/schema\/logo\/image\/\"},\"sameAs\":[\"https:\/\/www.facebook.com\/swingtogether\",\"https:\/\/www.instagram.com\/swingtogetherasso\"]}]}<\/script>\n<!-- \/ Yoast SEO plugin. -->","yoast_head_json":{"title":"Contact - Swing Together","robots":{"index":"index","follow":"follow","max-snippet":"max-snippet:-1","max-image-preview":"max-image-preview:large","max-video-preview":"max-video-preview:-1"},"canonical":"https:\/\/swingtogether.fr\/en\/contact\/","og_locale":"en_US","og_type":"article","og_title":"Contact - Swing Together","og_description":"Un message ? Contactez-nous Envoyez nous votre demande via le formulaire ci-dessous et nous reviendrons vers vous en moins de 48h. Si vous souhaitez une r\u00e9ponse plus rapide n&rsquo;h\u00e9sitez pas [&hellip;]","og_url":"https:\/\/swingtogether.fr\/en\/contact\/","og_site_name":"Swing Together","article_publisher":"https:\/\/www.facebook.com\/swingtogether","article_modified_time":"2024-01-22T12:52:50+00:00","twitter_card":"summary_large_image","twitter_misc":{"Est. reading time":"1 minute"},"schema":{"@context":"https:\/\/schema.org","@graph":[{"@type":"WebPage","@id":"https:\/\/swingtogether.fr\/en\/contact\/","url":"https:\/\/swingtogether.fr\/en\/contact\/","name":"Contact - Swing Together","isPartOf":{"@id":"https:\/\/swingtogether.fr\/en\/#website"},"datePublished":"2018-10-09T09:19:06+00:00","dateModified":"2024-01-22T12:52:50+00:00","breadcrumb":{"@id":"https:\/\/swingtogether.fr\/en\/contact\/#breadcrumb"},"inLanguage":"en-US","potentialAction":[{"@type":"ReadAction","target":["https:\/\/swingtogether.fr\/en\/contact\/"]}]},{"@type":"BreadcrumbList","@id":"https:\/\/swingtogether.fr\/en\/contact\/#breadcrumb","itemListElement":[{"@type":"ListItem","position":1,"name":"Accueil","item":"https:\/\/swingtogether.fr\/en\/"},{"@type":"ListItem","position":2,"name":"Contact"}]},{"@type":"WebSite","@id":"https:\/\/swingtogether.fr\/en\/#website","url":"https:\/\/swingtogether.fr\/en\/","name":"Swing Together","description":"L&#039;association de West Coast Swing strasbourgeoise","publisher":{"@id":"https:\/\/swingtogether.fr\/en\/#organization"},"potentialAction":[{"@type":"SearchAction","target":{"@type":"EntryPoint","urlTemplate":"https:\/\/swingtogether.fr\/en\/?s={search_term_string}"},"query-input":{"@type":"PropertyValueSpecification","valueRequired":true,"valueName":"search_term_string"}}],"inLanguage":"en-US"},{"@type":"Organization","@id":"https:\/\/swingtogether.fr\/en\/#organization","name":"Swing Together","url":"https:\/\/swingtogether.fr\/en\/","logo":{"@type":"ImageObject","inLanguage":"en-US","@id":"https:\/\/swingtogether.fr\/en\/#\/schema\/logo\/image\/","url":"https:\/\/swingtogether.fr\/wp-content\/uploads\/2022\/08\/Swing-Together-logo.png","contentUrl":"https:\/\/swingtogether.fr\/wp-content\/uploads\/2022\/08\/Swing-Together-logo.png","width":180,"height":180,"caption":"Swing Together"},"image":{"@id":"https:\/\/swingtogether.fr\/en\/#\/schema\/logo\/image\/"},"sameAs":["https:\/\/www.facebook.com\/swingtogether","https:\/\/www.instagram.com\/swingtogetherasso"]}]}},"uagb_featured_image_src":{"full":false,"thumbnail":false,"medium":false,"medium_large":false,"large":false,"1536x1536":false,"2048x2048":false,"trp-custom-language-flag":false,"ocean-thumb-m":false,"ocean-thumb-ml":false,"ocean-thumb-l":false},"uagb_author_info":{"display_name":"adrien-guesnel","author_link":"https:\/\/swingtogether.fr\/en\/author\/adrien-guesnel\/"},"uagb_comment_info":0,"uagb_excerpt":"Un message ? Contactez-nous Envoyez nous votre demande via le formulaire ci-dessous et nous reviendrons vers vous en moins de 48h. Si vous souhaitez une r\u00e9ponse plus rapide n&rsquo;h\u00e9sitez pas [&hellip;]","_links":{"self":[{"href":"https:\/\/swingtogether.fr\/en\/wp-json\/wp\/v2\/pages\/11","targetHints":{"allow":["GET"]}}],"collection":[{"href":"https:\/\/swingtogether.fr\/en\/wp-json\/wp\/v2\/pages"}],"about":[{"href":"https:\/\/swingtogether.fr\/en\/wp-json\/wp\/v2\/types\/page"}],"author":[{"embeddable":true,"href":"https:\/\/swingtogether.fr\/en\/wp-json\/wp\/v2\/users\/1"}],"replies":[{"embeddable":true,"href":"https:\/\/swingtogether.fr\/en\/wp-json\/wp\/v2\/comments?post=11"}],"version-history":[{"count":37,"href":"https:\/\/swingtogether.fr\/en\/wp-json\/wp\/v2\/pages\/11\/revisions"}],"predecessor-version":[{"id":82545,"href":"https:\/\/swingtogether.fr\/en\/wp-json\/wp\/v2\/pages\/11\/revisions\/82545"}],"wp:attachment":[{"href":"https:\/\/swingtogether.fr\/en\/wp-json\/wp\/v2\/media?parent=11"}],"curies":[{"name":"wp","href":"https:\/\/api.w.org\/{rel}","templated":true}]}}