{"id":8,"date":"2018-10-09T09:17:03","date_gmt":"2018-10-09T07:17:03","guid":{"rendered":"https:\/\/swingtogether.fr\/services\/"},"modified":"2022-09-21T23:24:50","modified_gmt":"2022-09-21T21:24:50","slug":"west-coast-swing","status":"publish","type":"page","link":"https:\/\/swingtogether.fr\/en\/west-coast-swing\/","title":{"rendered":"West Coast Swing"},"content":{"rendered":"<div data-elementor-type=\"wp-post\" data-elementor-id=\"8\" class=\"elementor elementor-8\">\n\t\t\t\t\t\t<section class=\"elementor-section elementor-top-section elementor-element elementor-element-5d3f2d0d elementor-section-boxed elementor-section-height-default elementor-section-height-default\" data-id=\"5d3f2d0d\" data-element_type=\"section\" data-e-type=\"section\" data-settings=\"{&quot;background_background&quot;:&quot;classic&quot;}\">\n\t\t\t\t\t\t<div class=\"elementor-container elementor-column-gap-no\">\n\t\t\t\t\t<div class=\"elementor-column elementor-col-100 elementor-top-column elementor-element elementor-element-192a857d\" data-id=\"192a857d\" data-element_type=\"column\" data-e-type=\"column\">\n\t\t\t<div class=\"elementor-widget-wrap elementor-element-populated\">\n\t\t\t\t\t\t<div class=\"elementor-element elementor-element-62d4eab6 elementor-widget elementor-widget-heading\" data-id=\"62d4eab6\" data-element_type=\"widget\" data-e-type=\"widget\" data-widget_type=\"heading.default\">\n\t\t\t\t<div class=\"elementor-widget-container\">\n\t\t\t\t\t<h5 class=\"elementor-heading-title elementor-size-default\">What is<\/h5>\t\t\t\t<\/div>\n\t\t\t\t<\/div>\n\t\t\t\t<div class=\"elementor-element elementor-element-ddaea19 elementor-widget elementor-widget-heading\" data-id=\"ddaea19\" data-element_type=\"widget\" data-e-type=\"widget\" data-widget_type=\"heading.default\">\n\t\t\t\t<div class=\"elementor-widget-container\">\n\t\t\t\t\t<h1 class=\"elementor-heading-title elementor-size-default\">West Coast Swing ?<\/h1>\t\t\t\t<\/div>\n\t\t\t\t<\/div>\n\t\t\t\t\t<\/div>\n\t\t<\/div>\n\t\t\t\t\t<\/div>\n\t\t<\/section>\n\t\t\t\t<section class=\"elementor-section elementor-top-section elementor-element elementor-element-17296b9 elementor-section-boxed elementor-section-height-default elementor-section-height-default\" data-id=\"17296b9\" data-element_type=\"section\" data-e-type=\"section\">\n\t\t\t\t\t\t<div class=\"elementor-container elementor-column-gap-default\">\n\t\t\t\t\t<div class=\"elementor-column elementor-col-100 elementor-top-column elementor-element elementor-element-1105418\" data-id=\"1105418\" data-element_type=\"column\" data-e-type=\"column\">\n\t\t\t<div class=\"elementor-widget-wrap elementor-element-populated\">\n\t\t\t\t\t\t<div class=\"elementor-element elementor-element-110df70 elementor-widget elementor-widget-text-editor\" data-id=\"110df70\" data-element_type=\"widget\" data-e-type=\"widget\" data-widget_type=\"text-editor.default\">\n\t\t\t\t<div class=\"elementor-widget-container\">\n\t\t\t\t\t\t\t\t\t<p>It is a dance for two, where a leader guides a follower who, listening, follows the movements proposed. WCS requires listening to each other, which is part of the connection.<\/p><p><br \/>Because if the roles seem to be defined at the beginning of the dance (leader\/follower), each dancer can add his style, his variations, his \"personal touch\". It is thus a dance that is built in two.<\/p><p><br \/>The follower can bring things to the table, and the leader, listening to his\/her partner, will be able to rebound on these elements. Each dance is unique, the connection being central, intrinsically linked to creativity.<\/p><p>WCS is characterized by its artistic richness. It is a dance that is technically demanding, but also offers a wide range of possibilities in terms of figures, style ...<\/p><p><br \/>Drawing from a mix of influences, dancers can build their artistic identity. Thus, they can be inspired by hip-hop, contemporary, Latin dances etc. In a connection to oneself, to the other, in a quality of communication and connection, the artistic expression, the emotional, the sharing, allow a letting go and a unique creativity.<\/p><p>The WCS is characterized by a great musical diversity and its continuous evolution.<\/p><p><br \/>Initially danced on \"swing\" or \"blues\" music, the WCS has followed the evolution of musical history, and is danced on current music. This musical variety, passing from Jazz to rock'n'roll, then Country, Rock, Disco, Funk. RnB, Pop, Dance, Kizomba or Zouk, offers a multitude of possibilities, and adapts to everyone's tastes.<\/p><p>\u00a0<\/p><p>WCS is danced socially but also in competition. This dance promotes mixing and mingling: in a spirit of openness, everyone dances with everyone else.<\/p><ul><li>In social settings, differences in age, level and so one fade away, leaving room for sharing. Dancers can evolve in different learning contexts: classes, themed workshops, \"intensives\", practices...<\/li><li>In competition (JnJ) allow dancers to improvise in a competitive context, on music that is not known beforehand. The dancers are divided into levels (newcomer - novice - inter - advanced - all star), and the accumulation of points related to the placement in the final allows to evolve from one level to another.<\/li><\/ul>\t\t\t\t\t\t\t\t<\/div>\n\t\t\t\t<\/div>\n\t\t\t\t\t<\/div>\n\t\t<\/div>\n\t\t\t\t\t<\/div>\n\t\t<\/section>\n\t\t\t\t<section class=\"elementor-section elementor-top-section elementor-element elementor-element-ce67cb8 elementor-section-boxed elementor-section-height-default elementor-section-height-default\" data-id=\"ce67cb8\" data-element_type=\"section\" data-e-type=\"section\">\n\t\t\t\t\t\t<div class=\"elementor-container elementor-column-gap-default\">\n\t\t\t\t\t<div class=\"elementor-column elementor-col-100 elementor-top-column elementor-element elementor-element-6bf03f5\" data-id=\"6bf03f5\" data-element_type=\"column\" data-e-type=\"column\">\n\t\t\t<div class=\"elementor-widget-wrap elementor-element-populated\">\n\t\t\t\t\t\t<div class=\"elementor-element elementor-element-04b8673 elementor-widget__width-initial elementor-widget-tablet__width-inherit elementor-widget elementor-widget-video\" data-id=\"04b8673\" data-element_type=\"widget\" data-e-type=\"widget\" data-settings=\"{&quot;youtube_url&quot;:&quot;https:\\\/\\\/youtu.be\\\/vQFyeT0eh_Y&quot;,&quot;video_type&quot;:&quot;youtube&quot;,&quot;controls&quot;:&quot;yes&quot;}\" data-widget_type=\"video.default\">\n\t\t\t\t<div class=\"elementor-widget-container\">\n\t\t\t\t\t\t\t<div class=\"elementor-wrapper elementor-open-inline\">\n\t\t\t<div class=\"elementor-video\"><\/div>\t\t<\/div>\n\t\t\t\t\t\t<\/div>\n\t\t\t\t<\/div>\n\t\t\t\t\t<\/div>\n\t\t<\/div>\n\t\t\t\t\t<\/div>\n\t\t<\/section>\n\t\t\t\t<section class=\"elementor-section elementor-top-section elementor-element elementor-element-edaf672 elementor-section-boxed elementor-section-height-default elementor-section-height-default\" data-id=\"edaf672\" data-element_type=\"section\" data-e-type=\"section\">\n\t\t\t\t\t\t<div class=\"elementor-container elementor-column-gap-default\">\n\t\t\t\t\t<div class=\"elementor-column elementor-col-100 elementor-top-column elementor-element elementor-element-66326c0\" data-id=\"66326c0\" data-element_type=\"column\" data-e-type=\"column\">\n\t\t\t<div class=\"elementor-widget-wrap elementor-element-populated\">\n\t\t\t\t\t\t<div class=\"elementor-element elementor-element-01bd04a elementor-position-top elementor-widget elementor-widget-image-box\" data-id=\"01bd04a\" data-element_type=\"widget\" data-e-type=\"widget\" data-widget_type=\"image-box.default\">\n\t\t\t\t<div class=\"elementor-widget-container\">\n\t\t\t\t\t<div class=\"elementor-image-box-wrapper\"><figure class=\"elementor-image-box-img\"><a href=\"https:\/\/westiebabies.com\/blog\" target=\"_blank\" tabindex=\"-1\"><img fetchpriority=\"high\" decoding=\"async\" width=\"1024\" height=\"484\" src=\"https:\/\/swingtogether.fr\/wp-content\/uploads\/2022\/09\/logo_westie_babies-1024x484.png\" class=\"attachment-large size-large wp-image-4104\" alt=\"Westie Babies\" srcset=\"https:\/\/swingtogether.fr\/wp-content\/uploads\/2022\/09\/logo_westie_babies-1024x484.png 1024w, https:\/\/swingtogether.fr\/wp-content\/uploads\/2022\/09\/logo_westie_babies-300x142.png 300w\" sizes=\"(max-width: 1024px) 100vw, 1024px\" \/><\/a><\/figure><div class=\"elementor-image-box-content\"><p class=\"elementor-image-box-description\">If you want to know more about West Coast Swing, please visit <a href=\"https:\/\/westiebabies.com\/blog\">Westie Babies blog<\/a>.<\/p><\/div><\/div>\t\t\t\t<\/div>\n\t\t\t\t<\/div>\n\t\t\t\t\t<\/div>\n\t\t<\/div>\n\t\t\t\t\t<\/div>\n\t\t<\/section>\n\t\t\t\t<\/div>","protected":false},"excerpt":{"rendered":"<p>C&rsquo;est quoi le West Coast Swing ? C\u2019est une danse \u00e0 deux, o\u00f9 un leader guide un follower qui, \u00e0 l\u2019\u00e9coute, suit les mouvements propos\u00e9s. Le WCS n\u00e9cessite une \u00e9coute [&hellip;]<\/p>","protected":false},"author":1,"featured_media":0,"parent":0,"menu_order":0,"comment_status":"closed","ping_status":"closed","template":"","meta":{"_uag_custom_page_level_css":"","ocean_post_layout":"","ocean_both_sidebars_style":"","ocean_both_sidebars_content_width":0,"ocean_both_sidebars_sidebars_width":0,"ocean_sidebar":"","ocean_second_sidebar":"","ocean_disable_margins":"enable","ocean_add_body_class":"","ocean_shortcode_before_top_bar":"","ocean_shortcode_after_top_bar":"","ocean_shortcode_before_header":"","ocean_shortcode_after_header":"","ocean_has_shortcode":"","ocean_shortcode_after_title":"","ocean_shortcode_before_footer_widgets":"","ocean_shortcode_after_footer_widgets":"","ocean_shortcode_before_footer_bottom":"","ocean_shortcode_after_footer_bottom":"","ocean_display_top_bar":"default","ocean_display_header":"default","ocean_header_style":"","ocean_center_header_left_menu":"","ocean_custom_header_template":"","ocean_custom_logo":0,"ocean_custom_retina_logo":0,"ocean_custom_logo_max_width":0,"ocean_custom_logo_tablet_max_width":0,"ocean_custom_logo_mobile_max_width":0,"ocean_custom_logo_max_height":0,"ocean_custom_logo_tablet_max_height":0,"ocean_custom_logo_mobile_max_height":0,"ocean_header_custom_menu":"","ocean_menu_typo_font_family":"","ocean_menu_typo_font_subset":"","ocean_menu_typo_font_size":0,"ocean_menu_typo_font_size_tablet":0,"ocean_menu_typo_font_size_mobile":0,"ocean_menu_typo_font_size_unit":"px","ocean_menu_typo_font_weight":"","ocean_menu_typo_font_weight_tablet":"","ocean_menu_typo_font_weight_mobile":"","ocean_menu_typo_transform":"","ocean_menu_typo_transform_tablet":"","ocean_menu_typo_transform_mobile":"","ocean_menu_typo_line_height":0,"ocean_menu_typo_line_height_tablet":0,"ocean_menu_typo_line_height_mobile":0,"ocean_menu_typo_line_height_unit":"","ocean_menu_typo_spacing":0,"ocean_menu_typo_spacing_tablet":0,"ocean_menu_typo_spacing_mobile":0,"ocean_menu_typo_spacing_unit":"","ocean_menu_link_color":"","ocean_menu_link_color_hover":"","ocean_menu_link_color_active":"","ocean_menu_link_background":"","ocean_menu_link_hover_background":"","ocean_menu_link_active_background":"","ocean_menu_social_links_bg":"","ocean_menu_social_hover_links_bg":"","ocean_menu_social_links_color":"","ocean_menu_social_hover_links_color":"","ocean_disable_title":"default","ocean_disable_heading":"default","ocean_post_title":"","ocean_post_subheading":"","ocean_post_title_style":"","ocean_post_title_background_color":"","ocean_post_title_background":0,"ocean_post_title_bg_image_position":"","ocean_post_title_bg_image_attachment":"","ocean_post_title_bg_image_repeat":"","ocean_post_title_bg_image_size":"","ocean_post_title_height":0,"ocean_post_title_bg_overlay":0.5,"ocean_post_title_bg_overlay_color":"","ocean_disable_breadcrumbs":"default","ocean_breadcrumbs_color":"","ocean_breadcrumbs_separator_color":"","ocean_breadcrumbs_links_color":"","ocean_breadcrumbs_links_hover_color":"","ocean_display_footer_widgets":"default","ocean_display_footer_bottom":"default","ocean_custom_footer_template":"","footnotes":""},"class_list":["post-8","page","type-page","status-publish","hentry","entry"],"yoast_head":"<!-- This site is optimized with the Yoast SEO plugin v26.9 - https:\/\/yoast.com\/product\/yoast-seo-wordpress\/ -->\n<title>West Coast Swing - Swing Together<\/title>\n<meta name=\"robots\" content=\"index, follow, max-snippet:-1, max-image-preview:large, max-video-preview:-1\" \/>\n<link rel=\"canonical\" href=\"https:\/\/swingtogether.fr\/en\/west-coast-swing\/\" \/>\n<meta property=\"og:locale\" content=\"en_US\" \/>\n<meta property=\"og:type\" content=\"article\" \/>\n<meta property=\"og:title\" content=\"West Coast Swing - Swing Together\" \/>\n<meta property=\"og:description\" content=\"C&rsquo;est quoi le West Coast Swing ? C\u2019est une danse \u00e0 deux, o\u00f9 un leader guide un follower qui, \u00e0 l\u2019\u00e9coute, suit les mouvements propos\u00e9s. Le WCS n\u00e9cessite une \u00e9coute [&hellip;]\" \/>\n<meta property=\"og:url\" content=\"https:\/\/swingtogether.fr\/en\/west-coast-swing\/\" \/>\n<meta property=\"og:site_name\" content=\"Swing Together\" \/>\n<meta property=\"article:publisher\" content=\"https:\/\/www.facebook.com\/swingtogether\" \/>\n<meta property=\"article:modified_time\" content=\"2022-09-21T21:24:50+00:00\" \/>\n<meta property=\"og:image\" content=\"https:\/\/swingtogether.fr\/wp-content\/uploads\/2022\/09\/logo_westie_babies-1024x484.png\" \/>\n<meta name=\"twitter:card\" content=\"summary_large_image\" \/>\n<meta name=\"twitter:label1\" content=\"Est. reading time\" \/>\n\t<meta name=\"twitter:data1\" content=\"2 minutes\" \/>\n<script type=\"application\/ld+json\" class=\"yoast-schema-graph\">{\"@context\":\"https:\/\/schema.org\",\"@graph\":[{\"@type\":\"WebPage\",\"@id\":\"https:\/\/swingtogether.fr\/en\/west-coast-swing\/\",\"url\":\"https:\/\/swingtogether.fr\/en\/west-coast-swing\/\",\"name\":\"West Coast Swing - Swing Together\",\"isPartOf\":{\"@id\":\"https:\/\/swingtogether.fr\/en\/#website\"},\"primaryImageOfPage\":{\"@id\":\"https:\/\/swingtogether.fr\/en\/west-coast-swing\/#primaryimage\"},\"image\":{\"@id\":\"https:\/\/swingtogether.fr\/en\/west-coast-swing\/#primaryimage\"},\"thumbnailUrl\":\"https:\/\/swingtogether.fr\/wp-content\/uploads\/2022\/09\/logo_westie_babies-1024x484.png\",\"datePublished\":\"2018-10-09T07:17:03+00:00\",\"dateModified\":\"2022-09-21T21:24:50+00:00\",\"breadcrumb\":{\"@id\":\"https:\/\/swingtogether.fr\/en\/west-coast-swing\/#breadcrumb\"},\"inLanguage\":\"en-US\",\"potentialAction\":[{\"@type\":\"ReadAction\",\"target\":[\"https:\/\/swingtogether.fr\/en\/west-coast-swing\/\"]}]},{\"@type\":\"ImageObject\",\"inLanguage\":\"en-US\",\"@id\":\"https:\/\/swingtogether.fr\/en\/west-coast-swing\/#primaryimage\",\"url\":\"https:\/\/swingtogether.fr\/wp-content\/uploads\/2022\/09\/logo_westie_babies-1024x484.png\",\"contentUrl\":\"https:\/\/swingtogether.fr\/wp-content\/uploads\/2022\/09\/logo_westie_babies-1024x484.png\"},{\"@type\":\"BreadcrumbList\",\"@id\":\"https:\/\/swingtogether.fr\/en\/west-coast-swing\/#breadcrumb\",\"itemListElement\":[{\"@type\":\"ListItem\",\"position\":1,\"name\":\"Accueil\",\"item\":\"https:\/\/swingtogether.fr\/en\/\"},{\"@type\":\"ListItem\",\"position\":2,\"name\":\"West Coast Swing\"}]},{\"@type\":\"WebSite\",\"@id\":\"https:\/\/swingtogether.fr\/en\/#website\",\"url\":\"https:\/\/swingtogether.fr\/en\/\",\"name\":\"Swing Together\",\"description\":\"L&#039;association de West Coast Swing strasbourgeoise\",\"publisher\":{\"@id\":\"https:\/\/swingtogether.fr\/en\/#organization\"},\"potentialAction\":[{\"@type\":\"SearchAction\",\"target\":{\"@type\":\"EntryPoint\",\"urlTemplate\":\"https:\/\/swingtogether.fr\/en\/?s={search_term_string}\"},\"query-input\":{\"@type\":\"PropertyValueSpecification\",\"valueRequired\":true,\"valueName\":\"search_term_string\"}}],\"inLanguage\":\"en-US\"},{\"@type\":\"Organization\",\"@id\":\"https:\/\/swingtogether.fr\/en\/#organization\",\"name\":\"Swing Together\",\"url\":\"https:\/\/swingtogether.fr\/en\/\",\"logo\":{\"@type\":\"ImageObject\",\"inLanguage\":\"en-US\",\"@id\":\"https:\/\/swingtogether.fr\/en\/#\/schema\/logo\/image\/\",\"url\":\"https:\/\/swingtogether.fr\/wp-content\/uploads\/2022\/08\/Swing-Together-logo.png\",\"contentUrl\":\"https:\/\/swingtogether.fr\/wp-content\/uploads\/2022\/08\/Swing-Together-logo.png\",\"width\":180,\"height\":180,\"caption\":\"Swing Together\"},\"image\":{\"@id\":\"https:\/\/swingtogether.fr\/en\/#\/schema\/logo\/image\/\"},\"sameAs\":[\"https:\/\/www.facebook.com\/swingtogether\",\"https:\/\/www.instagram.com\/swingtogetherasso\"]}]}<\/script>\n<!-- \/ Yoast SEO plugin. -->","yoast_head_json":{"title":"West Coast Swing - Swing Together","robots":{"index":"index","follow":"follow","max-snippet":"max-snippet:-1","max-image-preview":"max-image-preview:large","max-video-preview":"max-video-preview:-1"},"canonical":"https:\/\/swingtogether.fr\/en\/west-coast-swing\/","og_locale":"en_US","og_type":"article","og_title":"West Coast Swing - Swing Together","og_description":"C&rsquo;est quoi le West Coast Swing ? C\u2019est une danse \u00e0 deux, o\u00f9 un leader guide un follower qui, \u00e0 l\u2019\u00e9coute, suit les mouvements propos\u00e9s. Le WCS n\u00e9cessite une \u00e9coute [&hellip;]","og_url":"https:\/\/swingtogether.fr\/en\/west-coast-swing\/","og_site_name":"Swing Together","article_publisher":"https:\/\/www.facebook.com\/swingtogether","article_modified_time":"2022-09-21T21:24:50+00:00","og_image":[{"url":"https:\/\/swingtogether.fr\/wp-content\/uploads\/2022\/09\/logo_westie_babies-1024x484.png","type":"","width":"","height":""}],"twitter_card":"summary_large_image","twitter_misc":{"Est. reading time":"2 minutes"},"schema":{"@context":"https:\/\/schema.org","@graph":[{"@type":"WebPage","@id":"https:\/\/swingtogether.fr\/en\/west-coast-swing\/","url":"https:\/\/swingtogether.fr\/en\/west-coast-swing\/","name":"West Coast Swing - Swing Together","isPartOf":{"@id":"https:\/\/swingtogether.fr\/en\/#website"},"primaryImageOfPage":{"@id":"https:\/\/swingtogether.fr\/en\/west-coast-swing\/#primaryimage"},"image":{"@id":"https:\/\/swingtogether.fr\/en\/west-coast-swing\/#primaryimage"},"thumbnailUrl":"https:\/\/swingtogether.fr\/wp-content\/uploads\/2022\/09\/logo_westie_babies-1024x484.png","datePublished":"2018-10-09T07:17:03+00:00","dateModified":"2022-09-21T21:24:50+00:00","breadcrumb":{"@id":"https:\/\/swingtogether.fr\/en\/west-coast-swing\/#breadcrumb"},"inLanguage":"en-US","potentialAction":[{"@type":"ReadAction","target":["https:\/\/swingtogether.fr\/en\/west-coast-swing\/"]}]},{"@type":"ImageObject","inLanguage":"en-US","@id":"https:\/\/swingtogether.fr\/en\/west-coast-swing\/#primaryimage","url":"https:\/\/swingtogether.fr\/wp-content\/uploads\/2022\/09\/logo_westie_babies-1024x484.png","contentUrl":"https:\/\/swingtogether.fr\/wp-content\/uploads\/2022\/09\/logo_westie_babies-1024x484.png"},{"@type":"BreadcrumbList","@id":"https:\/\/swingtogether.fr\/en\/west-coast-swing\/#breadcrumb","itemListElement":[{"@type":"ListItem","position":1,"name":"Accueil","item":"https:\/\/swingtogether.fr\/en\/"},{"@type":"ListItem","position":2,"name":"West Coast Swing"}]},{"@type":"WebSite","@id":"https:\/\/swingtogether.fr\/en\/#website","url":"https:\/\/swingtogether.fr\/en\/","name":"Swing Together","description":"L&#039;association de West Coast Swing strasbourgeoise","publisher":{"@id":"https:\/\/swingtogether.fr\/en\/#organization"},"potentialAction":[{"@type":"SearchAction","target":{"@type":"EntryPoint","urlTemplate":"https:\/\/swingtogether.fr\/en\/?s={search_term_string}"},"query-input":{"@type":"PropertyValueSpecification","valueRequired":true,"valueName":"search_term_string"}}],"inLanguage":"en-US"},{"@type":"Organization","@id":"https:\/\/swingtogether.fr\/en\/#organization","name":"Swing Together","url":"https:\/\/swingtogether.fr\/en\/","logo":{"@type":"ImageObject","inLanguage":"en-US","@id":"https:\/\/swingtogether.fr\/en\/#\/schema\/logo\/image\/","url":"https:\/\/swingtogether.fr\/wp-content\/uploads\/2022\/08\/Swing-Together-logo.png","contentUrl":"https:\/\/swingtogether.fr\/wp-content\/uploads\/2022\/08\/Swing-Together-logo.png","width":180,"height":180,"caption":"Swing Together"},"image":{"@id":"https:\/\/swingtogether.fr\/en\/#\/schema\/logo\/image\/"},"sameAs":["https:\/\/www.facebook.com\/swingtogether","https:\/\/www.instagram.com\/swingtogetherasso"]}]}},"uagb_featured_image_src":{"full":false,"thumbnail":false,"medium":false,"medium_large":false,"large":false,"1536x1536":false,"2048x2048":false,"trp-custom-language-flag":false,"ocean-thumb-m":false,"ocean-thumb-ml":false,"ocean-thumb-l":false},"uagb_author_info":{"display_name":"adrien-guesnel","author_link":"https:\/\/swingtogether.fr\/en\/author\/adrien-guesnel\/"},"uagb_comment_info":0,"uagb_excerpt":"C&rsquo;est quoi le West Coast Swing ? C\u2019est une danse \u00e0 deux, o\u00f9 un leader guide un follower qui, \u00e0 l\u2019\u00e9coute, suit les mouvements propos\u00e9s. Le WCS n\u00e9cessite une \u00e9coute [&hellip;]","_links":{"self":[{"href":"https:\/\/swingtogether.fr\/en\/wp-json\/wp\/v2\/pages\/8","targetHints":{"allow":["GET"]}}],"collection":[{"href":"https:\/\/swingtogether.fr\/en\/wp-json\/wp\/v2\/pages"}],"about":[{"href":"https:\/\/swingtogether.fr\/en\/wp-json\/wp\/v2\/types\/page"}],"author":[{"embeddable":true,"href":"https:\/\/swingtogether.fr\/en\/wp-json\/wp\/v2\/users\/1"}],"replies":[{"embeddable":true,"href":"https:\/\/swingtogether.fr\/en\/wp-json\/wp\/v2\/comments?post=8"}],"version-history":[{"count":18,"href":"https:\/\/swingtogether.fr\/en\/wp-json\/wp\/v2\/pages\/8\/revisions"}],"predecessor-version":[{"id":4121,"href":"https:\/\/swingtogether.fr\/en\/wp-json\/wp\/v2\/pages\/8\/revisions\/4121"}],"wp:attachment":[{"href":"https:\/\/swingtogether.fr\/en\/wp-json\/wp\/v2\/media?parent=8"}],"curies":[{"name":"wp","href":"https:\/\/api.w.org\/{rel}","templated":true}]}}